{"id":82,"date":"2022-12-05T12:40:59","date_gmt":"2022-12-05T11:40:59","guid":{"rendered":"http:\/\/prodmer.com\/?page_id=82"},"modified":"2023-02-08T15:30:10","modified_gmt":"2023-02-08T14:30:10","slug":"a-propos","status":"publish","type":"page","link":"https:\/\/prodmer.com\/en\/a-propos\/","title":{"rendered":"ABOUT US"},"content":{"rendered":"<div data-elementor-type=\"wp-page\" data-elementor-id=\"82\" class=\"elementor elementor-82\" data-elementor-post-type=\"page\">\n\t\t\t\t\t\t<section class=\"elementor-section elementor-top-section elementor-element elementor-element-a51e41a elementor-section-boxed elementor-section-height-default elementor-section-height-default\" data-id=\"a51e41a\" data-element_type=\"section\" data-e-type=\"section\">\n\t\t\t\t\t\t<div class=\"elementor-container elementor-column-gap-default\">\n\t\t\t\t\t<div class=\"elementor-column elementor-col-33 elementor-top-column elementor-element elementor-element-2c6d84d\" data-id=\"2c6d84d\" data-element_type=\"column\" data-e-type=\"column\">\n\t\t\t<div class=\"elementor-widget-wrap elementor-element-populated\">\n\t\t\t\t\t\t<div class=\"elementor-element elementor-element-be9a889 elementor-widget elementor-widget-heading\" data-id=\"be9a889\" data-element_type=\"widget\" data-e-type=\"widget\" data-widget_type=\"heading.default\">\n\t\t\t\t<div class=\"elementor-widget-container\">\n\t\t\t\t\t<div class=\"elementor-heading-title elementor-size-default\">Who we are<\/div>\t\t\t\t<\/div>\n\t\t\t\t<\/div>\n\t\t\t\t<div class=\"elementor-element elementor-element-8aea2b0 elementor-widget elementor-widget-text-editor\" data-id=\"8aea2b0\" data-element_type=\"widget\" data-e-type=\"widget\" data-widget_type=\"text-editor.default\">\n\t\t\t\t<div class=\"elementor-widget-container\">\n\t\t\t\t\t\t\t\t\t<p>PRODMER is a company specialized in pelagic fishing, the manufacture and marketing of canned fish (based on sardines, mackerel and anchovies) and the freezing of sardines, for its own account as well as for the account of other companies distributing agro-food products in Morocco and abroad.<\/p>\t\t\t\t\t\t\t\t<\/div>\n\t\t\t\t<\/div>\n\t\t\t\t<section class=\"elementor-section elementor-inner-section elementor-element elementor-element-310b9ec elementor-section-boxed elementor-section-height-default elementor-section-height-default\" data-id=\"310b9ec\" data-element_type=\"section\" data-e-type=\"section\">\n\t\t\t\t\t\t<div class=\"elementor-container elementor-column-gap-default\">\n\t\t\t\t\t<div class=\"elementor-column elementor-col-50 elementor-inner-column elementor-element elementor-element-2dffb07\" data-id=\"2dffb07\" data-element_type=\"column\" data-e-type=\"column\">\n\t\t\t<div class=\"elementor-widget-wrap elementor-element-populated\">\n\t\t\t\t\t\t<div class=\"elementor-element elementor-element-107322b elementor-widget elementor-widget-image\" data-id=\"107322b\" data-element_type=\"widget\" data-e-type=\"widget\" data-widget_type=\"image.default\">\n\t\t\t\t<div class=\"elementor-widget-container\">\n\t\t\t\t\t\t\t\t\t\t\t\t\t\t\t<img fetchpriority=\"high\" decoding=\"async\" width=\"217\" height=\"245\" src=\"https:\/\/prodmer.com\/wp-content\/uploads\/2022\/12\/prodmer-about-pic-03.png\" class=\"attachment-large size-large wp-image-90\" alt=\"\" srcset=\"https:\/\/prodmer.com\/wp-content\/uploads\/2022\/12\/prodmer-about-pic-03.png 217w, https:\/\/prodmer.com\/wp-content\/uploads\/2022\/12\/prodmer-about-pic-03-11x12.png 11w\" sizes=\"(max-width: 217px) 100vw, 217px\" \/>\t\t\t\t\t\t\t\t\t\t\t\t\t\t\t<\/div>\n\t\t\t\t<\/div>\n\t\t\t\t\t<\/div>\n\t\t<\/div>\n\t\t\t\t<div class=\"elementor-column elementor-col-50 elementor-inner-column elementor-element elementor-element-a05c60c\" data-id=\"a05c60c\" data-element_type=\"column\" data-e-type=\"column\">\n\t\t\t<div class=\"elementor-widget-wrap elementor-element-populated\">\n\t\t\t\t\t\t<div class=\"elementor-element elementor-element-e71c1d7 elementor-position-top elementor-widget elementor-widget-image-box\" data-id=\"e71c1d7\" data-element_type=\"widget\" data-e-type=\"widget\" data-widget_type=\"image-box.default\">\n\t\t\t\t<div class=\"elementor-widget-container\">\n\t\t\t\t\t<div class=\"elementor-image-box-wrapper\"><figure class=\"elementor-image-box-img\"><img decoding=\"async\" width=\"234\" height=\"71\" src=\"https:\/\/prodmer.com\/wp-content\/uploads\/2022\/12\/prodmer-about-pic-02.png\" class=\"attachment-full size-full wp-image-91\" alt=\"\" srcset=\"https:\/\/prodmer.com\/wp-content\/uploads\/2022\/12\/prodmer-about-pic-02.png 234w, https:\/\/prodmer.com\/wp-content\/uploads\/2022\/12\/prodmer-about-pic-02-18x5.png 18w\" sizes=\"(max-width: 234px) 100vw, 234px\" \/><\/figure><div class=\"elementor-image-box-content\"><h3 class=\"elementor-image-box-title\">founder - ceo<\/h3><\/div><\/div>\t\t\t\t<\/div>\n\t\t\t\t<\/div>\n\t\t\t\t\t<\/div>\n\t\t<\/div>\n\t\t\t\t\t<\/div>\n\t\t<\/section>\n\t\t\t\t\t<\/div>\n\t\t<\/div>\n\t\t\t\t<div class=\"elementor-column elementor-col-66 elementor-top-column elementor-element elementor-element-7aeccd7\" data-id=\"7aeccd7\" data-element_type=\"column\" data-e-type=\"column\">\n\t\t\t<div class=\"elementor-widget-wrap elementor-element-populated\">\n\t\t\t\t\t\t<div class=\"elementor-element elementor-element-1fd46df elementor-widget elementor-widget-image\" data-id=\"1fd46df\" data-element_type=\"widget\" data-e-type=\"widget\" data-widget_type=\"image.default\">\n\t\t\t\t<div class=\"elementor-widget-container\">\n\t\t\t\t\t\t\t\t\t\t\t\t\t\t\t<img decoding=\"async\" width=\"800\" height=\"588\" src=\"https:\/\/prodmer.com\/wp-content\/uploads\/2022\/12\/prodmer-about-pic-01.png\" class=\"attachment-large size-large wp-image-88\" alt=\"\" srcset=\"https:\/\/prodmer.com\/wp-content\/uploads\/2022\/12\/prodmer-about-pic-01.png 856w, https:\/\/prodmer.com\/wp-content\/uploads\/2022\/12\/prodmer-about-pic-01-300x220.png 300w, https:\/\/prodmer.com\/wp-content\/uploads\/2022\/12\/prodmer-about-pic-01-768x564.png 768w, https:\/\/prodmer.com\/wp-content\/uploads\/2022\/12\/prodmer-about-pic-01-16x12.png 16w\" sizes=\"(max-width: 800px) 100vw, 800px\" \/>\t\t\t\t\t\t\t\t\t\t\t\t\t\t\t<\/div>\n\t\t\t\t<\/div>\n\t\t\t\t\t<\/div>\n\t\t<\/div>\n\t\t\t\t\t<\/div>\n\t\t<\/section>\n\t\t\t\t<section class=\"elementor-section elementor-top-section elementor-element elementor-element-9abf734 elementor-section-boxed elementor-section-height-default elementor-section-height-default\" data-id=\"9abf734\" data-element_type=\"section\" data-e-type=\"section\">\n\t\t\t\t\t\t<div class=\"elementor-container elementor-column-gap-default\">\n\t\t\t\t\t<div class=\"elementor-column elementor-col-100 elementor-top-column elementor-element elementor-element-e0c1ade\" data-id=\"e0c1ade\" data-element_type=\"column\" data-e-type=\"column\">\n\t\t\t<div class=\"elementor-widget-wrap elementor-element-populated\">\n\t\t\t\t\t\t<div class=\"elementor-element elementor-element-2f267b7 elementor-widget__width-initial elementor-widget elementor-widget-heading\" data-id=\"2f267b7\" data-element_type=\"widget\" data-e-type=\"widget\" data-widget_type=\"heading.default\">\n\t\t\t\t<div class=\"elementor-widget-container\">\n\t\t\t\t\t<div class=\"elementor-heading-title elementor-size-default\">PRODMER has 240 employees and its organizational structure is as follows <\/div>\t\t\t\t<\/div>\n\t\t\t\t<\/div>\n\t\t\t\t\t<\/div>\n\t\t<\/div>\n\t\t\t\t\t<\/div>\n\t\t<\/section>\n\t\t\t\t<section class=\"elementor-section elementor-top-section elementor-element elementor-element-5dbe149 elementor-section-boxed elementor-section-height-default elementor-section-height-default\" data-id=\"5dbe149\" data-element_type=\"section\" data-e-type=\"section\">\n\t\t\t\t\t\t<div class=\"elementor-container elementor-column-gap-default\">\n\t\t\t\t\t<div class=\"elementor-column elementor-col-100 elementor-top-column elementor-element elementor-element-c8f2613\" data-id=\"c8f2613\" data-element_type=\"column\" data-e-type=\"column\">\n\t\t\t<div class=\"elementor-widget-wrap elementor-element-populated\">\n\t\t\t\t\t\t<div class=\"elementor-element elementor-element-9259004 elementor-widget elementor-widget-image\" data-id=\"9259004\" data-element_type=\"widget\" data-e-type=\"widget\" data-widget_type=\"image.default\">\n\t\t\t\t<div class=\"elementor-widget-container\">\n\t\t\t\t\t\t\t\t\t\t\t\t\t\t\t<img loading=\"lazy\" decoding=\"async\" width=\"1033\" height=\"560\" src=\"https:\/\/prodmer.com\/wp-content\/uploads\/2022\/12\/prodmer-about-pic-04.png\" class=\"attachment-2048x2048 size-2048x2048 wp-image-101\" alt=\"\" srcset=\"https:\/\/prodmer.com\/wp-content\/uploads\/2022\/12\/prodmer-about-pic-04.png 1033w, https:\/\/prodmer.com\/wp-content\/uploads\/2022\/12\/prodmer-about-pic-04-300x163.png 300w, https:\/\/prodmer.com\/wp-content\/uploads\/2022\/12\/prodmer-about-pic-04-1024x555.png 1024w, https:\/\/prodmer.com\/wp-content\/uploads\/2022\/12\/prodmer-about-pic-04-768x416.png 768w, https:\/\/prodmer.com\/wp-content\/uploads\/2022\/12\/prodmer-about-pic-04-18x10.png 18w\" sizes=\"(max-width: 1033px) 100vw, 1033px\" \/>\t\t\t\t\t\t\t\t\t\t\t\t\t\t\t<\/div>\n\t\t\t\t<\/div>\n\t\t\t\t\t<\/div>\n\t\t<\/div>\n\t\t\t\t\t<\/div>\n\t\t<\/section>\n\t\t\t\t<section class=\"elementor-section elementor-top-section elementor-element elementor-element-4bd9e6d elementor-section-boxed elementor-section-height-default elementor-section-height-default\" data-id=\"4bd9e6d\" data-element_type=\"section\" data-e-type=\"section\">\n\t\t\t\t\t\t<div class=\"elementor-container elementor-column-gap-default\">\n\t\t\t\t\t<div class=\"elementor-column elementor-col-100 elementor-top-column elementor-element elementor-element-f1c6c8c\" data-id=\"f1c6c8c\" data-element_type=\"column\" data-e-type=\"column\" data-settings=\"{&quot;background_background&quot;:&quot;classic&quot;}\">\n\t\t\t<div class=\"elementor-widget-wrap elementor-element-populated\">\n\t\t\t\t\t\t<div class=\"elementor-element elementor-element-93705ea elementor-widget__width-initial elementor-absolute elementor-widget elementor-widget-image\" data-id=\"93705ea\" data-element_type=\"widget\" data-e-type=\"widget\" data-settings=\"{&quot;_position&quot;:&quot;absolute&quot;}\" data-widget_type=\"image.default\">\n\t\t\t\t<div class=\"elementor-widget-container\">\n\t\t\t\t\t\t\t\t\t\t\t\t\t\t\t<img loading=\"lazy\" decoding=\"async\" width=\"53\" height=\"43\" src=\"https:\/\/prodmer.com\/wp-content\/uploads\/2022\/12\/prodmer-about-pic-05.png\" class=\"attachment-large size-large wp-image-126\" alt=\"\" srcset=\"https:\/\/prodmer.com\/wp-content\/uploads\/2022\/12\/prodmer-about-pic-05.png 53w, https:\/\/prodmer.com\/wp-content\/uploads\/2022\/12\/prodmer-about-pic-05-15x12.png 15w\" sizes=\"(max-width: 53px) 100vw, 53px\" \/>\t\t\t\t\t\t\t\t\t\t\t\t\t\t\t<\/div>\n\t\t\t\t<\/div>\n\t\t\t\t<div class=\"elementor-element elementor-element-9523a5c elementor-widget elementor-widget-heading\" data-id=\"9523a5c\" data-element_type=\"widget\" data-e-type=\"widget\" data-widget_type=\"heading.default\">\n\t\t\t\t<div class=\"elementor-widget-container\">\n\t\t\t\t\t<div class=\"elementor-heading-title elementor-size-default\">Our strategy<\/div>\t\t\t\t<\/div>\n\t\t\t\t<\/div>\n\t\t\t\t<div class=\"elementor-element elementor-element-b4587d6 elementor-widget elementor-widget-text-editor\" data-id=\"b4587d6\" data-element_type=\"widget\" data-e-type=\"widget\" data-widget_type=\"text-editor.default\">\n\t\t\t\t<div class=\"elementor-widget-container\">\n\t\t\t\t\t\t\t\t\t<p>The major ambition of PRODMER is to integrate the circle of the national and world leaders in the sector of food processing specialized in the canning and freezing of fish.<\/p>\n<p>To achieve this, PRODMER's strategy is based on the following actions:&nbsp;<\/p>\t\t\t\t\t\t\t\t<\/div>\n\t\t\t\t<\/div>\n\t\t\t\t<div class=\"elementor-element elementor-element-a59dbda elementor-icon-list--layout-traditional elementor-list-item-link-full_width elementor-widget elementor-widget-icon-list\" data-id=\"a59dbda\" data-element_type=\"widget\" data-e-type=\"widget\" data-widget_type=\"icon-list.default\">\n\t\t\t\t<div class=\"elementor-widget-container\">\n\t\t\t\t\t\t\t<ul class=\"elementor-icon-list-items\">\n\t\t\t\t\t\t\t<li class=\"elementor-icon-list-item\">\n\t\t\t\t\t\t\t\t\t\t\t<span class=\"elementor-icon-list-icon\">\n\t\t\t\t\t\t\t<i aria-hidden=\"true\" class=\"fas fa-check\"><\/i>\t\t\t\t\t\t<\/span>\n\t\t\t\t\t\t\t\t\t\t<span class=\"elementor-icon-list-text\">Control of the supply of raw materials<\/span>\n\t\t\t\t\t\t\t\t\t<\/li>\n\t\t\t\t\t\t\t\t<li class=\"elementor-icon-list-item\">\n\t\t\t\t\t\t\t\t\t\t\t<span class=\"elementor-icon-list-icon\">\n\t\t\t\t\t\t\t<i aria-hidden=\"true\" class=\"fas fa-check\"><\/i>\t\t\t\t\t\t<\/span>\n\t\t\t\t\t\t\t\t\t\t<span class=\"elementor-icon-list-text\">Provision of own fishing means<\/span>\n\t\t\t\t\t\t\t\t\t<\/li>\n\t\t\t\t\t\t\t\t<li class=\"elementor-icon-list-item\">\n\t\t\t\t\t\t\t\t\t\t\t<span class=\"elementor-icon-list-icon\">\n\t\t\t\t\t\t\t<i aria-hidden=\"true\" class=\"fas fa-check\"><\/i>\t\t\t\t\t\t<\/span>\n\t\t\t\t\t\t\t\t\t\t<span class=\"elementor-icon-list-text\">Loyalty of clients and consumers<\/span>\n\t\t\t\t\t\t\t\t\t<\/li>\n\t\t\t\t\t\t\t\t<li class=\"elementor-icon-list-item\">\n\t\t\t\t\t\t\t\t\t\t\t<span class=\"elementor-icon-list-icon\">\n\t\t\t\t\t\t\t<i aria-hidden=\"true\" class=\"fas fa-check\"><\/i>\t\t\t\t\t\t<\/span>\n\t\t\t\t\t\t\t\t\t\t<span class=\"elementor-icon-list-text\">Innovation of new brands and recipes that are competitive and valued<\/span>\n\t\t\t\t\t\t\t\t\t<\/li>\n\t\t\t\t\t\t\t\t<li class=\"elementor-icon-list-item\">\n\t\t\t\t\t\t\t\t\t\t\t<span class=\"elementor-icon-list-icon\">\n\t\t\t\t\t\t\t<i aria-hidden=\"true\" class=\"fas fa-check\"><\/i>\t\t\t\t\t\t<\/span>\n\t\t\t\t\t\t\t\t\t\t<span class=\"elementor-icon-list-text\">Application of new industrial methods and innovative technologies<\/span>\n\t\t\t\t\t\t\t\t\t<\/li>\n\t\t\t\t\t\t\t\t<li class=\"elementor-icon-list-item\">\n\t\t\t\t\t\t\t\t\t\t\t<span class=\"elementor-icon-list-icon\">\n\t\t\t\t\t\t\t<i aria-hidden=\"true\" class=\"fas fa-check\"><\/i>\t\t\t\t\t\t<\/span>\n\t\t\t\t\t\t\t\t\t\t<span class=\"elementor-icon-list-text\">Expansion of market shares at national and international levels<\/span>\n\t\t\t\t\t\t\t\t\t<\/li>\n\t\t\t\t\t\t<\/ul>\n\t\t\t\t\t\t<\/div>\n\t\t\t\t<\/div>\n\t\t\t\t\t<\/div>\n\t\t<\/div>\n\t\t\t\t\t<\/div>\n\t\t<\/section>\n\t\t\t\t<section class=\"elementor-section elementor-top-section elementor-element elementor-element-445dc57 elementor-section-boxed elementor-section-height-default elementor-section-height-default\" data-id=\"445dc57\" data-element_type=\"section\" data-e-type=\"section\">\n\t\t\t\t\t\t<div class=\"elementor-container elementor-column-gap-default\">\n\t\t\t\t\t<div class=\"elementor-column elementor-col-50 elementor-top-column elementor-element elementor-element-b778264\" data-id=\"b778264\" data-element_type=\"column\" data-e-type=\"column\">\n\t\t\t<div class=\"elementor-widget-wrap elementor-element-populated\">\n\t\t\t\t\t\t<div class=\"elementor-element elementor-element-b8ff86a elementor-widget elementor-widget-image\" data-id=\"b8ff86a\" data-element_type=\"widget\" data-e-type=\"widget\" data-widget_type=\"image.default\">\n\t\t\t\t<div class=\"elementor-widget-container\">\n\t\t\t\t\t\t\t\t\t\t\t\t\t\t\t<img loading=\"lazy\" decoding=\"async\" width=\"690\" height=\"391\" src=\"https:\/\/prodmer.com\/wp-content\/uploads\/2022\/12\/prodmer-about-pic-06.png\" class=\"attachment-large size-large wp-image-102\" alt=\"\" srcset=\"https:\/\/prodmer.com\/wp-content\/uploads\/2022\/12\/prodmer-about-pic-06.png 690w, https:\/\/prodmer.com\/wp-content\/uploads\/2022\/12\/prodmer-about-pic-06-300x170.png 300w, https:\/\/prodmer.com\/wp-content\/uploads\/2022\/12\/prodmer-about-pic-06-18x10.png 18w\" sizes=\"(max-width: 690px) 100vw, 690px\" \/>\t\t\t\t\t\t\t\t\t\t\t\t\t\t\t<\/div>\n\t\t\t\t<\/div>\n\t\t\t\t\t<\/div>\n\t\t<\/div>\n\t\t\t\t<div class=\"elementor-column elementor-col-50 elementor-top-column elementor-element elementor-element-606cdaa\" data-id=\"606cdaa\" data-element_type=\"column\" data-e-type=\"column\">\n\t\t\t<div class=\"elementor-widget-wrap elementor-element-populated\">\n\t\t\t\t\t\t<div class=\"elementor-element elementor-element-3718799 elementor-widget elementor-widget-image\" data-id=\"3718799\" data-element_type=\"widget\" data-e-type=\"widget\" data-widget_type=\"image.default\">\n\t\t\t\t<div class=\"elementor-widget-container\">\n\t\t\t\t\t\t\t\t\t\t\t\t\t\t\t<img loading=\"lazy\" decoding=\"async\" width=\"690\" height=\"391\" src=\"https:\/\/prodmer.com\/wp-content\/uploads\/2022\/12\/prodmer-about-pic-07.png\" class=\"attachment-large size-large wp-image-103\" alt=\"\" srcset=\"https:\/\/prodmer.com\/wp-content\/uploads\/2022\/12\/prodmer-about-pic-07.png 690w, https:\/\/prodmer.com\/wp-content\/uploads\/2022\/12\/prodmer-about-pic-07-300x170.png 300w, https:\/\/prodmer.com\/wp-content\/uploads\/2022\/12\/prodmer-about-pic-07-18x10.png 18w\" sizes=\"(max-width: 690px) 100vw, 690px\" \/>\t\t\t\t\t\t\t\t\t\t\t\t\t\t\t<\/div>\n\t\t\t\t<\/div>\n\t\t\t\t\t<\/div>\n\t\t<\/div>\n\t\t\t\t\t<\/div>\n\t\t<\/section>\n\t\t\t\t<\/div>","protected":false},"excerpt":{"rendered":"<p>qui sommes nous PRODMER est une entreprise sp\u00e9cialis\u00e9e dans la p\u00eache p\u00e9lagique, la fabrication et la commercialisation de bo\u00eetes de conserve de poissons (\u00e0 base de sardine, maquereau et d\u2019anchois) et la surg\u00e9lation de la sardine, pour son propre compte ainsi que pour le compte d\u2019autres soci\u00e9t\u00e9s de distribution des produits agro-alimentaires au Maroc et [&hellip;]<\/p>\n","protected":false},"author":1,"featured_media":0,"parent":0,"menu_order":0,"comment_status":"closed","ping_status":"closed","template":"elementor_header_footer","meta":{"footnotes":""},"class_list":["post-82","page","type-page","status-publish","hentry"],"yoast_head":"<!-- This site is optimized with the Yoast SEO plugin v27.4 - https:\/\/yoast.com\/product\/yoast-seo-wordpress\/ -->\n<title>\u00c0 Propos - Prodmer<\/title>\n<meta name=\"robots\" content=\"index, follow, max-snippet:-1, max-image-preview:large, max-video-preview:-1\" \/>\n<link rel=\"canonical\" href=\"https:\/\/prodmer.com\/en\/a-propos\/\" \/>\n<meta property=\"og:locale\" content=\"en_US\" \/>\n<meta property=\"og:type\" content=\"article\" \/>\n<meta property=\"og:title\" content=\"\u00c0 Propos - Prodmer\" \/>\n<meta property=\"og:description\" content=\"qui sommes nous PRODMER est une entreprise sp\u00e9cialis\u00e9e dans la p\u00eache p\u00e9lagique, la fabrication et la commercialisation de bo\u00eetes de conserve de poissons (\u00e0 base de sardine, maquereau et d\u2019anchois) et la surg\u00e9lation de la sardine, pour son propre compte ainsi que pour le compte d\u2019autres soci\u00e9t\u00e9s de distribution des produits agro-alimentaires au Maroc et [&hellip;]\" \/>\n<meta property=\"og:url\" content=\"https:\/\/prodmer.com\/en\/a-propos\/\" \/>\n<meta property=\"og:site_name\" content=\"Prodmer\" \/>\n<meta property=\"article:modified_time\" content=\"2023-02-08T14:30:10+00:00\" \/>\n<meta property=\"og:image\" content=\"https:\/\/prodmer.com\/wp-content\/uploads\/2022\/12\/prodmer-about-pic-03.png\" \/>\n<meta name=\"twitter:card\" content=\"summary_large_image\" \/>\n<meta name=\"twitter:label1\" content=\"Est. reading time\" \/>\n\t<meta name=\"twitter:data1\" content=\"1 minute\" \/>\n<script type=\"application\/ld+json\" class=\"yoast-schema-graph\">{\"@context\":\"https:\\\/\\\/schema.org\",\"@graph\":[{\"@type\":\"WebPage\",\"@id\":\"https:\\\/\\\/prodmer.com\\\/en\\\/a-propos\\\/\",\"url\":\"https:\\\/\\\/prodmer.com\\\/en\\\/a-propos\\\/\",\"name\":\"\u00c0 Propos - Prodmer\",\"isPartOf\":{\"@id\":\"https:\\\/\\\/prodmer.com\\\/#website\"},\"primaryImageOfPage\":{\"@id\":\"https:\\\/\\\/prodmer.com\\\/en\\\/a-propos\\\/#primaryimage\"},\"image\":{\"@id\":\"https:\\\/\\\/prodmer.com\\\/en\\\/a-propos\\\/#primaryimage\"},\"thumbnailUrl\":\"https:\\\/\\\/prodmer.com\\\/wp-content\\\/uploads\\\/2022\\\/12\\\/prodmer-about-pic-03.png\",\"datePublished\":\"2022-12-05T11:40:59+00:00\",\"dateModified\":\"2023-02-08T14:30:10+00:00\",\"breadcrumb\":{\"@id\":\"https:\\\/\\\/prodmer.com\\\/en\\\/a-propos\\\/#breadcrumb\"},\"inLanguage\":\"en-US\",\"potentialAction\":[{\"@type\":\"ReadAction\",\"target\":[\"https:\\\/\\\/prodmer.com\\\/en\\\/a-propos\\\/\"]}]},{\"@type\":\"ImageObject\",\"inLanguage\":\"en-US\",\"@id\":\"https:\\\/\\\/prodmer.com\\\/en\\\/a-propos\\\/#primaryimage\",\"url\":\"https:\\\/\\\/prodmer.com\\\/wp-content\\\/uploads\\\/2022\\\/12\\\/prodmer-about-pic-03.png\",\"contentUrl\":\"https:\\\/\\\/prodmer.com\\\/wp-content\\\/uploads\\\/2022\\\/12\\\/prodmer-about-pic-03.png\"},{\"@type\":\"BreadcrumbList\",\"@id\":\"https:\\\/\\\/prodmer.com\\\/en\\\/a-propos\\\/#breadcrumb\",\"itemListElement\":[{\"@type\":\"ListItem\",\"position\":1,\"name\":\"Accueil\",\"item\":\"https:\\\/\\\/prodmer.com\\\/\"},{\"@type\":\"ListItem\",\"position\":2,\"name\":\"\u00c0 Propos\"}]},{\"@type\":\"WebSite\",\"@id\":\"https:\\\/\\\/prodmer.com\\\/#website\",\"url\":\"https:\\\/\\\/prodmer.com\\\/\",\"name\":\"Prodmer\",\"description\":\"\",\"publisher\":{\"@id\":\"https:\\\/\\\/prodmer.com\\\/#organization\"},\"potentialAction\":[{\"@type\":\"SearchAction\",\"target\":{\"@type\":\"EntryPoint\",\"urlTemplate\":\"https:\\\/\\\/prodmer.com\\\/?s={search_term_string}\"},\"query-input\":{\"@type\":\"PropertyValueSpecification\",\"valueRequired\":true,\"valueName\":\"search_term_string\"}}],\"inLanguage\":\"en-US\"},{\"@type\":\"Organization\",\"@id\":\"https:\\\/\\\/prodmer.com\\\/#organization\",\"name\":\"Prodmer\",\"url\":\"https:\\\/\\\/prodmer.com\\\/\",\"logo\":{\"@type\":\"ImageObject\",\"inLanguage\":\"en-US\",\"@id\":\"https:\\\/\\\/prodmer.com\\\/#\\\/schema\\\/logo\\\/image\\\/\",\"url\":\"https:\\\/\\\/prodmer.com\\\/wp-content\\\/uploads\\\/2022\\\/12\\\/prodmer-header-logo.jpg\",\"contentUrl\":\"https:\\\/\\\/prodmer.com\\\/wp-content\\\/uploads\\\/2022\\\/12\\\/prodmer-header-logo.jpg\",\"width\":154,\"height\":123,\"caption\":\"Prodmer\"},\"image\":{\"@id\":\"https:\\\/\\\/prodmer.com\\\/#\\\/schema\\\/logo\\\/image\\\/\"}}]}<\/script>\n<!-- \/ Yoast SEO plugin. -->","yoast_head_json":{"title":"\u00c0 Propos - Prodmer","robots":{"index":"index","follow":"follow","max-snippet":"max-snippet:-1","max-image-preview":"max-image-preview:large","max-video-preview":"max-video-preview:-1"},"canonical":"https:\/\/prodmer.com\/en\/a-propos\/","og_locale":"en_US","og_type":"article","og_title":"\u00c0 Propos - Prodmer","og_description":"qui sommes nous PRODMER est une entreprise sp\u00e9cialis\u00e9e dans la p\u00eache p\u00e9lagique, la fabrication et la commercialisation de bo\u00eetes de conserve de poissons (\u00e0 base de sardine, maquereau et d\u2019anchois) et la surg\u00e9lation de la sardine, pour son propre compte ainsi que pour le compte d\u2019autres soci\u00e9t\u00e9s de distribution des produits agro-alimentaires au Maroc et [&hellip;]","og_url":"https:\/\/prodmer.com\/en\/a-propos\/","og_site_name":"Prodmer","article_modified_time":"2023-02-08T14:30:10+00:00","og_image":[{"url":"https:\/\/prodmer.com\/wp-content\/uploads\/2022\/12\/prodmer-about-pic-03.png","type":"","width":"","height":""}],"twitter_card":"summary_large_image","twitter_misc":{"Est. reading time":"1 minute"},"schema":{"@context":"https:\/\/schema.org","@graph":[{"@type":"WebPage","@id":"https:\/\/prodmer.com\/en\/a-propos\/","url":"https:\/\/prodmer.com\/en\/a-propos\/","name":"\u00c0 Propos - Prodmer","isPartOf":{"@id":"https:\/\/prodmer.com\/#website"},"primaryImageOfPage":{"@id":"https:\/\/prodmer.com\/en\/a-propos\/#primaryimage"},"image":{"@id":"https:\/\/prodmer.com\/en\/a-propos\/#primaryimage"},"thumbnailUrl":"https:\/\/prodmer.com\/wp-content\/uploads\/2022\/12\/prodmer-about-pic-03.png","datePublished":"2022-12-05T11:40:59+00:00","dateModified":"2023-02-08T14:30:10+00:00","breadcrumb":{"@id":"https:\/\/prodmer.com\/en\/a-propos\/#breadcrumb"},"inLanguage":"en-US","potentialAction":[{"@type":"ReadAction","target":["https:\/\/prodmer.com\/en\/a-propos\/"]}]},{"@type":"ImageObject","inLanguage":"en-US","@id":"https:\/\/prodmer.com\/en\/a-propos\/#primaryimage","url":"https:\/\/prodmer.com\/wp-content\/uploads\/2022\/12\/prodmer-about-pic-03.png","contentUrl":"https:\/\/prodmer.com\/wp-content\/uploads\/2022\/12\/prodmer-about-pic-03.png"},{"@type":"BreadcrumbList","@id":"https:\/\/prodmer.com\/en\/a-propos\/#breadcrumb","itemListElement":[{"@type":"ListItem","position":1,"name":"Accueil","item":"https:\/\/prodmer.com\/"},{"@type":"ListItem","position":2,"name":"\u00c0 Propos"}]},{"@type":"WebSite","@id":"https:\/\/prodmer.com\/#website","url":"https:\/\/prodmer.com\/","name":"Prodmer","description":"","publisher":{"@id":"https:\/\/prodmer.com\/#organization"},"potentialAction":[{"@type":"SearchAction","target":{"@type":"EntryPoint","urlTemplate":"https:\/\/prodmer.com\/?s={search_term_string}"},"query-input":{"@type":"PropertyValueSpecification","valueRequired":true,"valueName":"search_term_string"}}],"inLanguage":"en-US"},{"@type":"Organization","@id":"https:\/\/prodmer.com\/#organization","name":"Prodmer","url":"https:\/\/prodmer.com\/","logo":{"@type":"ImageObject","inLanguage":"en-US","@id":"https:\/\/prodmer.com\/#\/schema\/logo\/image\/","url":"https:\/\/prodmer.com\/wp-content\/uploads\/2022\/12\/prodmer-header-logo.jpg","contentUrl":"https:\/\/prodmer.com\/wp-content\/uploads\/2022\/12\/prodmer-header-logo.jpg","width":154,"height":123,"caption":"Prodmer"},"image":{"@id":"https:\/\/prodmer.com\/#\/schema\/logo\/image\/"}}]}},"_links":{"self":[{"href":"https:\/\/prodmer.com\/en\/wp-json\/wp\/v2\/pages\/82","targetHints":{"allow":["GET"]}}],"collection":[{"href":"https:\/\/prodmer.com\/en\/wp-json\/wp\/v2\/pages"}],"about":[{"href":"https:\/\/prodmer.com\/en\/wp-json\/wp\/v2\/types\/page"}],"author":[{"embeddable":true,"href":"https:\/\/prodmer.com\/en\/wp-json\/wp\/v2\/users\/1"}],"replies":[{"embeddable":true,"href":"https:\/\/prodmer.com\/en\/wp-json\/wp\/v2\/comments?post=82"}],"version-history":[{"count":50,"href":"https:\/\/prodmer.com\/en\/wp-json\/wp\/v2\/pages\/82\/revisions"}],"predecessor-version":[{"id":1093,"href":"https:\/\/prodmer.com\/en\/wp-json\/wp\/v2\/pages\/82\/revisions\/1093"}],"wp:attachment":[{"href":"https:\/\/prodmer.com\/en\/wp-json\/wp\/v2\/media?parent=82"}],"curies":[{"name":"wp","href":"https:\/\/api.w.org\/{rel}","templated":true}]}}